{"id":426,"date":"2025-08-31T09:44:25","date_gmt":"2025-08-31T07:44:25","guid":{"rendered":"https:\/\/bcbud.no\/nmkkonsmo\/?post_type=product&#038;p=426"},"modified":"2025-08-31T09:44:25","modified_gmt":"2025-08-31T07:44:25","slug":"007-kristoffer-odegarden-bmw-318-nmk-bo","status":"publish","type":"product","link":"https:\/\/dev.bcbud.no\/nmkkonsmo\/produkt\/007-kristoffer-odegarden-bmw-318-nmk-bo\/","title":{"rendered":"007 &#8211; Kristoffer \u00d8deg\u00e5rden &#8211; BMW 318 &#8211; NMK B\u00f8"},"content":{"rendered":"","protected":false},"excerpt":{"rendered":"","protected":false},"featured_media":0,"template":"","meta":{"_acf_changed":false},"product_brand":[],"product_cat":[],"product_tag":[],"class_list":{"0":"post-426","1":"product","2":"type-product","3":"status-publish","6":"first","7":"instock","8":"shipping-taxable","9":"product-type-simple"},"acf":[],"_links":{"self":[{"href":"https:\/\/dev.bcbud.no\/nmkkonsmo\/wp-json\/wp\/v2\/product\/426","targetHints":{"allow":["GET"]}}],"collection":[{"href":"https:\/\/dev.bcbud.no\/nmkkonsmo\/wp-json\/wp\/v2\/product"}],"about":[{"href":"https:\/\/dev.bcbud.no\/nmkkonsmo\/wp-json\/wp\/v2\/types\/product"}],"wp:attachment":[{"href":"https:\/\/dev.bcbud.no\/nmkkonsmo\/wp-json\/wp\/v2\/media?parent=426"}],"wp:term":[{"taxonomy":"product_brand","embeddable":true,"href":"https:\/\/dev.bcbud.no\/nmkkonsmo\/wp-json\/wp\/v2\/product_brand?post=426"},{"taxonomy":"product_cat","embeddable":true,"href":"https:\/\/dev.bcbud.no\/nmkkonsmo\/wp-json\/wp\/v2\/product_cat?post=426"},{"taxonomy":"product_tag","embeddable":true,"href":"https:\/\/dev.bcbud.no\/nmkkonsmo\/wp-json\/wp\/v2\/product_tag?post=426"}],"curies":[{"name":"wp","href":"https:\/\/api.w.org\/{rel}","templated":true}]}}