{"id":259,"date":"2025-07-13T08:59:40","date_gmt":"2025-07-13T06:59:40","guid":{"rendered":"https:\/\/bcbud.no\/nmknoreuvdal\/?post_type=product&#038;p=259"},"modified":"2025-07-13T08:59:40","modified_gmt":"2025-07-13T06:59:40","slug":"011-havard-oynebraten-volkswagen-boble-nmk-gol","status":"publish","type":"product","link":"https:\/\/dev.bcbud.no\/nmknoreuvdal\/produkt\/011-havard-oynebraten-volkswagen-boble-nmk-gol\/","title":{"rendered":"011 &#8211; H\u00e5vard \u00d8ynebr\u00e5ten &#8211; Volkswagen Boble &#8211; NMK Gol"},"content":{"rendered":"","protected":false},"excerpt":{"rendered":"","protected":false},"featured_media":0,"template":"","meta":{"_acf_changed":false},"product_brand":[],"product_cat":[],"product_tag":[],"class_list":{"0":"post-259","1":"product","2":"type-product","3":"status-publish","6":"first","7":"instock","8":"shipping-taxable","9":"product-type-simple"},"acf":[],"_links":{"self":[{"href":"https:\/\/dev.bcbud.no\/nmknoreuvdal\/wp-json\/wp\/v2\/product\/259","targetHints":{"allow":["GET"]}}],"collection":[{"href":"https:\/\/dev.bcbud.no\/nmknoreuvdal\/wp-json\/wp\/v2\/product"}],"about":[{"href":"https:\/\/dev.bcbud.no\/nmknoreuvdal\/wp-json\/wp\/v2\/types\/product"}],"wp:attachment":[{"href":"https:\/\/dev.bcbud.no\/nmknoreuvdal\/wp-json\/wp\/v2\/media?parent=259"}],"wp:term":[{"taxonomy":"product_brand","embeddable":true,"href":"https:\/\/dev.bcbud.no\/nmknoreuvdal\/wp-json\/wp\/v2\/product_brand?post=259"},{"taxonomy":"product_cat","embeddable":true,"href":"https:\/\/dev.bcbud.no\/nmknoreuvdal\/wp-json\/wp\/v2\/product_cat?post=259"},{"taxonomy":"product_tag","embeddable":true,"href":"https:\/\/dev.bcbud.no\/nmknoreuvdal\/wp-json\/wp\/v2\/product_tag?post=259"}],"curies":[{"name":"wp","href":"https:\/\/api.w.org\/{rel}","templated":true}]}}