{"id":294,"date":"2025-07-13T08:59:46","date_gmt":"2025-07-13T06:59:46","guid":{"rendered":"https:\/\/bcbud.no\/nmknoreuvdal\/?post_type=product&#038;p=294"},"modified":"2025-07-13T08:59:46","modified_gmt":"2025-07-13T06:59:46","slug":"061-oystein-sonstebo-volvo-240-nmk-nore-og-uvdal","status":"publish","type":"product","link":"https:\/\/dev.bcbud.no\/nmknoreuvdal\/produkt\/061-oystein-sonstebo-volvo-240-nmk-nore-og-uvdal\/","title":{"rendered":"061 &#8211; \u00d8ystein S\u00f8nsteb\u00f8 &#8211; Volvo 240 &#8211; NMK Nore og Uvdal"},"content":{"rendered":"","protected":false},"excerpt":{"rendered":"","protected":false},"featured_media":0,"template":"","meta":{"_acf_changed":false},"product_brand":[],"product_cat":[],"product_tag":[],"class_list":{"0":"post-294","1":"product","2":"type-product","3":"status-publish","6":"first","7":"instock","8":"shipping-taxable","9":"product-type-simple"},"acf":[],"_links":{"self":[{"href":"https:\/\/dev.bcbud.no\/nmknoreuvdal\/wp-json\/wp\/v2\/product\/294","targetHints":{"allow":["GET"]}}],"collection":[{"href":"https:\/\/dev.bcbud.no\/nmknoreuvdal\/wp-json\/wp\/v2\/product"}],"about":[{"href":"https:\/\/dev.bcbud.no\/nmknoreuvdal\/wp-json\/wp\/v2\/types\/product"}],"wp:attachment":[{"href":"https:\/\/dev.bcbud.no\/nmknoreuvdal\/wp-json\/wp\/v2\/media?parent=294"}],"wp:term":[{"taxonomy":"product_brand","embeddable":true,"href":"https:\/\/dev.bcbud.no\/nmknoreuvdal\/wp-json\/wp\/v2\/product_brand?post=294"},{"taxonomy":"product_cat","embeddable":true,"href":"https:\/\/dev.bcbud.no\/nmknoreuvdal\/wp-json\/wp\/v2\/product_cat?post=294"},{"taxonomy":"product_tag","embeddable":true,"href":"https:\/\/dev.bcbud.no\/nmknoreuvdal\/wp-json\/wp\/v2\/product_tag?post=294"}],"curies":[{"name":"wp","href":"https:\/\/api.w.org\/{rel}","templated":true}]}}